{"id":69,"date":"2020-12-24T17:52:10","date_gmt":"2020-12-24T16:52:10","guid":{"rendered":"http:\/\/www.elevage-de-briace.com\/?page_id=69"},"modified":"2023-03-08T15:24:07","modified_gmt":"2023-03-08T14:24:07","slug":"home","status":"publish","type":"page","link":"https:\/\/www.elevage-de-briace.com\/","title":{"rendered":"WELCOME"},"content":{"rendered":"\n<p class=\"has-text-align-center\"><em>Breeder of Connemara Sport Ponies, from Father to Son, since 1976<\/em><\/p>\n\n\n\n<h2 class=\"has-text-align-center\">Briac\u00e9 Stud &amp; Breeding<\/h2>\n\n\n\n<p class=\"has-drop-cap\"><em>We have been breeding sport ponies since 1976 respecting the Connemara breed standard, with an orientation towards the production of ponies for the high level.<\/em><\/p>\n\n\n\n<p><em>A rigorous selection and the quality of our&nbsp;maternal strains, accompanied by a natural breeding method in pastures (26 hectares) adapted and fenced with hedges, allows us to offer you rustic, solid ponies, with blood, a true model, good temperament and sporting qualities for all disciplines..<\/em><\/p>\n\n\n\n<p><em>Our goal: To produce the athletes that can be used by children, but above all the family pony.<\/em><\/p>\n\n\n\n<p><em>Our stallions and Mares are tested in children&#8217;s competitions. The breeding produces 1 to 5 foals per year. This is a confidential production because I have chosen quality over quantity.<\/em><\/p>\n\n\n\n<p><em>The results are there: out of 60 foals produced we have 4 national podiums in Show Jumping, Eventing, and Dressage. In addition, our ponies have evolved into Hunter, Amazone, Driving, Pony canter racing, and Handisport.<\/em><\/p>\n\n\n\n<p><em>There are ponies of the Briac\u00e9 affix in France, Switzerland, Ireland, and Spain.<\/em><\/p>\n\n\n\n<h2 class=\"has-text-align-center\">L\u2019\u00e9levage de Briac\u00e9<\/h2>\n\n\n\n<p class=\"has-drop-cap\">Nous \u00e9levons des poneys de sport depuis 1976 dans le respect du standard de la race Connemara&nbsp;, avec une orientation vers la production de poneys pour le haut niveau.<br>Une s\u00e9lection rigoureuse et la qualit\u00e9 de nos souches maternelles, accompagn\u00e9es d&#8217;un mode d&#8217;\u00e9levage naturel dans des herbages (26 hectares) adapt\u00e9s et cl\u00f4tur\u00e9s de haies, nous permettent de vous proposer des poneys rustiques, solides, avec du sang, un mod\u00e8le agr\u00e9able, un bon caract\u00e8re et des qualit\u00e9s sportives pour toutes les disciplines.<\/p>\n\n\n\n<p>Notre objectif&nbsp;: Produire des sportifs utilisables par les enfants, mais avant tout le poney de toute la famille.<\/p>\n\n\n\n<p>Nos \u00e9talons et nos juments sont test\u00e9s en comp\u00e9tition par des enfants. L\u2019\u00e9levage produit 1 \u00e0 5 poulains par an. Il s\u2019agit d\u2019une production confidentielle car j\u2019ai fait le choix de la qualit\u00e9 \u00e0 la quantit\u00e9, mais les r\u00e9sultats sont l\u00e0&nbsp;:<\/p>\n\n\n\n<p>Sur 60 poulains produits nous avons 4 podiums nationaux en CSO, CCE et Dressage. En outre, nos poneys ont \u00e9volu\u00e9 en Hunter, Amazone, Attelage, en Course de poney au Galop et en Handisport.<br><br>Il y a des poneys de l\u2019affixe de Briac\u00e9 en France, en Suisse, en Irlande et en Espagne.<\/p>\n","protected":false},"excerpt":{"rendered":"<p>Breeder of Connemara Sport Ponies, from Father to Son, since 1976 Briac\u00e9 Stud &amp; Breeding We have been breeding sport ponies since 1976 respecting the Connemara breed standard, with an orientation towards the production of ponies for the high level. A rigorous selection and the quality of our&nbsp;maternal strains, accompanied by a natural breeding method&#8230;<\/p>\n","protected":false},"author":1,"featured_media":79,"parent":0,"menu_order":0,"comment_status":"closed","ping_status":"closed","template":"fullwidth.php","meta":[],"_links":{"self":[{"href":"https:\/\/www.elevage-de-briace.com\/index.php?rest_route=\/wp\/v2\/pages\/69"}],"collection":[{"href":"https:\/\/www.elevage-de-briace.com\/index.php?rest_route=\/wp\/v2\/pages"}],"about":[{"href":"https:\/\/www.elevage-de-briace.com\/index.php?rest_route=\/wp\/v2\/types\/page"}],"author":[{"embeddable":true,"href":"https:\/\/www.elevage-de-briace.com\/index.php?rest_route=\/wp\/v2\/users\/1"}],"replies":[{"embeddable":true,"href":"https:\/\/www.elevage-de-briace.com\/index.php?rest_route=%2Fwp%2Fv2%2Fcomments&post=69"}],"version-history":[{"count":13,"href":"https:\/\/www.elevage-de-briace.com\/index.php?rest_route=\/wp\/v2\/pages\/69\/revisions"}],"predecessor-version":[{"id":323,"href":"https:\/\/www.elevage-de-briace.com\/index.php?rest_route=\/wp\/v2\/pages\/69\/revisions\/323"}],"wp:featuredmedia":[{"embeddable":true,"href":"https:\/\/www.elevage-de-briace.com\/index.php?rest_route=\/wp\/v2\/media\/79"}],"wp:attachment":[{"href":"https:\/\/www.elevage-de-briace.com\/index.php?rest_route=%2Fwp%2Fv2%2Fmedia&parent=69"}],"curies":[{"name":"wp","href":"https:\/\/api.w.org\/{rel}","templated":true}]}}