{"id":64,"date":"2020-12-24T17:49:25","date_gmt":"2020-12-24T16:49:25","guid":{"rendered":"http:\/\/www.elevage-de-briace.com\/?page_id=64"},"modified":"2022-10-05T17:52:10","modified_gmt":"2022-10-05T15:52:10","slug":"sell","status":"publish","type":"page","link":"https:\/\/www.elevage-de-briace.com\/?page_id=64","title":{"rendered":"SELL &#8211; A VENDRE"},"content":{"rendered":"\n<h3 class=\"has-text-align-center\">Plusieurs poulains de 1 \u00e0 3 ans.<\/h3>\n\n\n\n<h2 class=\"has-text-align-center\">Le livre PASSION CONNEMARA<\/h2>\n\n\n\n<p class=\"has-text-align-center\">Disponible via Amazon en cliquant sur le lien suivant: <a href=\"https:\/\/www.amazon.fr\/Passion-Connemara-Lhistoire-tumultueuse-premier\/dp\/2958156907\/ref=sr_1_1?crid=1VU43WCP712ER&amp;keywords=passion+connemara&amp;qid=1664983422&amp;qu=eyJxc2MiOiIwLjAwIiwicXNhIjoiMC4wMCIsInFzcCI6IjAuMDAifQ%3D%3D&amp;sprefix=%2Caps%2C525&amp;sr=8-1\" data-type=\"URL\" data-id=\"https:\/\/www.amazon.fr\/Passion-Connemara-Lhistoire-tumultueuse-premier\/dp\/2958156907\/ref=sr_1_1?crid=1VU43WCP712ER&amp;keywords=passion+connemara&amp;qid=1664983422&amp;qu=eyJxc2MiOiIwLjAwIiwicXNhIjoiMC4wMCIsInFzcCI6IjAuMDAifQ%3D%3D&amp;sprefix=%2Caps%2C525&amp;sr=8-1\">amazon<\/a><br>Ou en le commandant \u00e0 l&#8217;\u00e9levage de Briac\u00e9 par mail : <a href=\"mailto:danielchupin44@gmail.com\">danielchupin44@gmail.com<\/a><\/p>\n\n\n\n<div class=\"wp-block-image\"><figure class=\"aligncenter size-large is-resized\"><img loading=\"lazy\" src=\"https:\/\/www.elevage-de-briace.com\/wp-content\/uploads\/2022\/10\/280445386_1672688236403653_6640250248014371963_n-700x1058.jpg\" alt=\"\" class=\"wp-image-293\" width=\"507\" height=\"767\" srcset=\"https:\/\/www.elevage-de-briace.com\/wp-content\/uploads\/2022\/10\/280445386_1672688236403653_6640250248014371963_n-700x1058.jpg 700w, https:\/\/www.elevage-de-briace.com\/wp-content\/uploads\/2022\/10\/280445386_1672688236403653_6640250248014371963_n-199x300.jpg 199w, https:\/\/www.elevage-de-briace.com\/wp-content\/uploads\/2022\/10\/280445386_1672688236403653_6640250248014371963_n-768x1161.jpg 768w, https:\/\/www.elevage-de-briace.com\/wp-content\/uploads\/2022\/10\/280445386_1672688236403653_6640250248014371963_n-800x1209.jpg 800w, https:\/\/www.elevage-de-briace.com\/wp-content\/uploads\/2022\/10\/280445386_1672688236403653_6640250248014371963_n.jpg 933w\" sizes=\"(max-width: 507px) 100vw, 507px\" \/><\/figure><\/div>\n\n\n\n<div class=\"wp-block-image\"><figure class=\"aligncenter size-large is-resized\"><img loading=\"lazy\" src=\"https:\/\/www.elevage-de-briace.com\/wp-content\/uploads\/2022\/10\/281179734_1672689559736854_388037634509029888_n-700x1071.jpg\" alt=\"\" class=\"wp-image-294\" width=\"507\" height=\"776\" srcset=\"https:\/\/www.elevage-de-briace.com\/wp-content\/uploads\/2022\/10\/281179734_1672689559736854_388037634509029888_n-700x1071.jpg 700w, https:\/\/www.elevage-de-briace.com\/wp-content\/uploads\/2022\/10\/281179734_1672689559736854_388037634509029888_n-196x300.jpg 196w, https:\/\/www.elevage-de-briace.com\/wp-content\/uploads\/2022\/10\/281179734_1672689559736854_388037634509029888_n-768x1175.jpg 768w, https:\/\/www.elevage-de-briace.com\/wp-content\/uploads\/2022\/10\/281179734_1672689559736854_388037634509029888_n-800x1224.jpg 800w, https:\/\/www.elevage-de-briace.com\/wp-content\/uploads\/2022\/10\/281179734_1672689559736854_388037634509029888_n.jpg 923w\" sizes=\"(max-width: 507px) 100vw, 507px\" \/><\/figure><\/div>\n","protected":false},"excerpt":{"rendered":"<p>Plusieurs poulains de 1 \u00e0 3 ans. Le livre PASSION CONNEMARA Disponible via Amazon en cliquant sur le lien suivant: amazonOu en le commandant \u00e0 l&#8217;\u00e9levage de Briac\u00e9 par mail : danielchupin44@gmail.com<\/p>\n","protected":false},"author":1,"featured_media":82,"parent":0,"menu_order":0,"comment_status":"closed","ping_status":"closed","template":"fullwidth.php","meta":[],"_links":{"self":[{"href":"https:\/\/www.elevage-de-briace.com\/index.php?rest_route=\/wp\/v2\/pages\/64"}],"collection":[{"href":"https:\/\/www.elevage-de-briace.com\/index.php?rest_route=\/wp\/v2\/pages"}],"about":[{"href":"https:\/\/www.elevage-de-briace.com\/index.php?rest_route=\/wp\/v2\/types\/page"}],"author":[{"embeddable":true,"href":"https:\/\/www.elevage-de-briace.com\/index.php?rest_route=\/wp\/v2\/users\/1"}],"replies":[{"embeddable":true,"href":"https:\/\/www.elevage-de-briace.com\/index.php?rest_route=%2Fwp%2Fv2%2Fcomments&post=64"}],"version-history":[{"count":20,"href":"https:\/\/www.elevage-de-briace.com\/index.php?rest_route=\/wp\/v2\/pages\/64\/revisions"}],"predecessor-version":[{"id":304,"href":"https:\/\/www.elevage-de-briace.com\/index.php?rest_route=\/wp\/v2\/pages\/64\/revisions\/304"}],"wp:featuredmedia":[{"embeddable":true,"href":"https:\/\/www.elevage-de-briace.com\/index.php?rest_route=\/wp\/v2\/media\/82"}],"wp:attachment":[{"href":"https:\/\/www.elevage-de-briace.com\/index.php?rest_route=%2Fwp%2Fv2%2Fmedia&parent=64"}],"curies":[{"name":"wp","href":"https:\/\/api.w.org\/{rel}","templated":true}]}}