{"id":53,"date":"2020-12-24T17:42:17","date_gmt":"2020-12-24T16:42:17","guid":{"rendered":"http:\/\/www.elevage-de-briace.com\/?page_id=53"},"modified":"2023-03-08T15:17:09","modified_gmt":"2023-03-08T14:17:09","slug":"palmares","status":"publish","type":"page","link":"https:\/\/www.elevage-de-briace.com\/?page_id=53","title":{"rendered":"PALMARES"},"content":{"rendered":"\n<p><em><strong>SPORTS EVENTS<\/strong><br><em>Our ponies stand out in all disciplines Dressage, Show Jumping, Eventing, Hunter, Amazone, Handisport.<\/em><\/em><br>&nbsp;<br><strong>EPREUVES SPORTIVES<\/strong><br>Nos poneys se distinguent dans toutes les disciplines Dressage, CSO, CCE, Hunter, Amazone, Handisport.<br><br><strong>JUMPING \/ C.S.O.<\/strong><br>URSULA DE BRIACE &nbsp; IPO 141 ISO 129 ICC 113 est la m\u00e8re de FREE DE L\u2019AULNE IPO 131 et&nbsp;la Grand-m\u00e8re&nbsp;de ISPEED DES ANGLAIS ISO 156<br>GILL DE BRIACE &nbsp; IPO 136 3\u00e8me Championnat de France C1 ELITE 2001<br>MISTRAL DE BRIACE &nbsp; Excellent CSO 4ans IPO 134<br>JAGUAR DE BRIACE &nbsp; IPO 133<br>TORNADO DE BRIACE &nbsp; IPO 127<br>SONGE DE BRIACE &nbsp; IPO 131<br>SOLO DE BRIACE &nbsp; IPO 125<br>LEOPARD DE BRIACE &nbsp; IPO 120<br>FLEUR DU MOULIN D\u2019EAU IPO 134<\/p>\n\n\n\n<p><strong>DRESSAGE<\/strong><br>GILL DE BRIACE CHAMPION DES 4ans ELITE DRESSAGE IPD 123<br>JAGUAR DE BRIACE IPD 122<\/p>\n\n\n\n<p><strong><em>EVENTING<\/em> \/ CCE&nbsp;<\/strong><br>ELIAND IPC 145.<br>DAPHNE DE BRIACE IPC 125 4\u00e8me au CCE Chp de France Poney 1 D Minime et \u2013 Excellence 2019.&nbsp;<br>VANILLE DE BRIACE IPC 146 ; Championne de France As Poney 1 2017.&nbsp;<br>4\u00e8me championnat de France AS Poney 2 Elite 2016<br>SOLO DE BRIACE&nbsp;IPC 136<br>QUIDAM DE BRIACE 6\u00e8me OPEN 2012 CCE C1 Ponam&nbsp;&nbsp;&nbsp; IPC 135<br>LINO DE BRIACE IPC 125 3\u00e8me OPEN 2004 CCE D1 CLUB ; 8\u00e8me OPEN 2012 CCE Ponam D ELITE.<br>JAGUAR DE BRIACE&nbsp;IPC 120 14\u00e8me OPEN 2005 CCE D2P&nbsp;<br>LEOPARD DE BRIACE IPC 122 14\u00e8me OPEN 2004 CCE D2P&nbsp;<br>BAYARD DE BRIACE ICC 118<br>BALIA DE BRIACE IPC 122<\/p>\n\n\n\n<p><strong>PONY CANTER RACING \/ Course de poney au galop<\/strong>                                                                In 2021 Daphne ran in pony canter races. Daphne de Briac\u00e9 is one of the few Connemara mares capable of racing with Flat, Hurdles and Cross results.                                                                                              En 2021 Daphn\u00e9 a couru en course de poneys au galop. Daphn\u00e9 de Briac\u00e9 est une des rares juments Connemara capables d\u2019\u00e9voluer en course avec des r\u00e9sultats.<br>Les r\u00e9sultats de Daphn\u00e9 en courses d\u00e8s la premi\u00e8re saison sont \u00e9loquents : <\/p>\n\n\n\n<ul><li>2e en D1 Plat \u00e0 Chantilly.<\/li><li>Vainqueur sur 2800 m\u00e8tres en D Elite Cross \u00e0 Senonnes.<\/li><li>Vainqueur sur 1600 m\u00e8tres en D Elite Haies \u00e0 Nort-Sur-Erdre.<\/li><\/ul>\n\n\n\n<p><strong><em>HAND SHOW <\/em>\/ CONCOURS D&#8217;ELEVAGE<\/strong>                                                                                                                                           <br>                                                                                                                                         CHAMPIONNAT SUPREME DE L&#8217;INTER-REGIONAL des Pays-de-la-Loire 2020 BALIA DE BRIACE<br>CHAMPIONNAT DES PAYS-DE-LA-LOIRE 2020 BALIA DE BRIACE<br>CHAMPIONNAT SENIOR 2020 BALIA DE BRIACE<br>CHAMPIONNAT SENIOR FEMELLE 2020 BALIA DE BRIACE<br>CHAMPIONNAT FOAL MALE 2020 KERY DE BRIACE<\/p>\n\n\n\n<div class=\"wp-block-group\"><div class=\"wp-block-group__inner-container\">\n<div class=\"wp-block-group\"><div class=\"wp-block-group__inner-container\">\n<div class=\"wp-block-group\"><div class=\"wp-block-group__inner-container\">\n<p><strong>5 TITRES DE CHAMPION DE FRANCE<\/strong><br>1989 TYNAGH DE BRIACE<br>1998 JACINTHE DE BRIACE<br>1999 GILL DE BRIACE&nbsp;<br>2021 EMLAUGHMORE THISTLE<\/p>\n\n\n\n<p>2022 KALINE DU MOULIN D&#8217;EAU<\/p>\n<\/div><\/div>\n\n\n\n<p><\/p>\n<\/div><\/div>\n<\/div><\/div>\n\n\n\n<p><strong>1 TITRE DE CHAMPION SENIOR MALE<\/strong><br>1989 TYNAGH DE BRIACE<\/p>\n\n\n\n<div class=\"wp-block-group\"><div class=\"wp-block-group__inner-container\">\n<p><strong>6 TITRES DE RESERVE CHAMPION<\/strong><br>2021 IDYLLE DE BRIACE RESERVE CHAMPION 3 ANS MONTES<br>2021 IDYLLE DE BRIACE RESERVE CHAMPION 3 ANS MONTES FEMELLES ET HONGRES1998<br>JACINTHE DE BRIACE RESERVE CHAMPION JUNIOR&nbsp;FEMELLE&nbsp;<br>1998 JACINTHE DE BRIACE RESERVE CHAMPION JUNIOR<br>2012 VANILLE DE BRIACE RESERVE CHAMPION JUNIOR FEMELLE<\/p>\n\n\n\n<p>2022 KALINE DU MOULIN D&#8217;EAU RESERVE CHAMPION JUNIOR FEMELLE<\/p>\n<\/div><\/div>\n\n\n\n<p><strong>3 TITRES DE VICE-CHAMPION DE FRANCE<\/strong><br>2021 FLEUR DU MOULIN D\u2019EAU Femelles qualifi\u00e9es sport 4 ans et +<br>2012&nbsp;VANILE DE BRIACE&nbsp;<br>2012&nbsp;TORNADO DE BRIACE<\/p>\n","protected":false},"excerpt":{"rendered":"<p>SPORTS EVENTSOur ponies stand out in all disciplines Dressage, Show Jumping, Eventing, Hunter, Amazone, Handisport.&nbsp;EPREUVES SPORTIVESNos poneys se distinguent dans toutes les disciplines Dressage, CSO, CCE, Hunter, Amazone, Handisport. JUMPING \/ C.S.O.URSULA DE BRIACE &nbsp; IPO 141 ISO 129 ICC 113 est la m\u00e8re de FREE DE L\u2019AULNE IPO 131 et&nbsp;la Grand-m\u00e8re&nbsp;de ISPEED DES ANGLAIS&#8230;<\/p>\n","protected":false},"author":1,"featured_media":81,"parent":0,"menu_order":0,"comment_status":"closed","ping_status":"closed","template":"fullwidth.php","meta":[],"_links":{"self":[{"href":"https:\/\/www.elevage-de-briace.com\/index.php?rest_route=\/wp\/v2\/pages\/53"}],"collection":[{"href":"https:\/\/www.elevage-de-briace.com\/index.php?rest_route=\/wp\/v2\/pages"}],"about":[{"href":"https:\/\/www.elevage-de-briace.com\/index.php?rest_route=\/wp\/v2\/types\/page"}],"author":[{"embeddable":true,"href":"https:\/\/www.elevage-de-briace.com\/index.php?rest_route=\/wp\/v2\/users\/1"}],"replies":[{"embeddable":true,"href":"https:\/\/www.elevage-de-briace.com\/index.php?rest_route=%2Fwp%2Fv2%2Fcomments&post=53"}],"version-history":[{"count":15,"href":"https:\/\/www.elevage-de-briace.com\/index.php?rest_route=\/wp\/v2\/pages\/53\/revisions"}],"predecessor-version":[{"id":321,"href":"https:\/\/www.elevage-de-briace.com\/index.php?rest_route=\/wp\/v2\/pages\/53\/revisions\/321"}],"wp:featuredmedia":[{"embeddable":true,"href":"https:\/\/www.elevage-de-briace.com\/index.php?rest_route=\/wp\/v2\/media\/81"}],"wp:attachment":[{"href":"https:\/\/www.elevage-de-briace.com\/index.php?rest_route=%2Fwp%2Fv2%2Fmedia&parent=53"}],"curies":[{"name":"wp","href":"https:\/\/api.w.org\/{rel}","templated":true}]}}