{"id":49,"date":"2020-12-24T17:41:14","date_gmt":"2020-12-24T16:41:14","guid":{"rendered":"http:\/\/www.elevage-de-briace.com\/?page_id=49"},"modified":"2022-10-05T17:49:34","modified_gmt":"2022-10-05T15:49:34","slug":"breeding-elevage","status":"publish","type":"page","link":"https:\/\/www.elevage-de-briace.com\/?page_id=49","title":{"rendered":"BREEDING &#8211;  ELEVAGE"},"content":{"rendered":"\n<p class=\"has-drop-cap\"><em>You are welcome to heart of our breeding farm. The rigorous selection of our mares and the choice of the stallions that we use are made on determining criteria: an easy and good temperament allowing a use leisure and sport by children, Blood, Model and hardiness<\/em>.<br><\/p>\n\n\n\n<p><em>OUR MARES<br>They have all been ridden. We know their qualities, but above all they are good mares who foal alone in field.<\/em><\/p>\n\n\n\n<p><em>STALLIONS<br>We have a \u201chomemade\u201d stallion TORNADO de Briac\u00e9, who has proven this in show jumping.<br>We also use other stallions, but always in natural breeding.<\/em><\/p>\n\n\n\n<h2 class=\"has-text-align-center\">Les \u00e9talons<\/h2>\n\n\n\n<p class=\"has-text-align-center\"><img loading=\"lazy\" width=\"700\" height=\"497\" class=\"wp-image-178\" style=\"width: 250px;\" src=\"http:\/\/www.elevage-de-briace.com\/wp-content\/uploads\/2020\/12\/TORNADO-DE-BRIACE.jpg\" alt=\"TORNADO DE BRIACE\" srcset=\"https:\/\/www.elevage-de-briace.com\/wp-content\/uploads\/2020\/12\/TORNADO-DE-BRIACE.jpg 700w, https:\/\/www.elevage-de-briace.com\/wp-content\/uploads\/2020\/12\/TORNADO-DE-BRIACE-300x213.jpg 300w\" sizes=\"(max-width: 700px) 100vw, 700px\" \/><br><a rel=\"noreferrer noopener\" href=\"http:\/\/www.elevage-de-briace.com\/wp-content\/uploads\/2020\/12\/ARBRE-GENEALOGIQUE-TORNADO-DE-BRIACE.pdf\" target=\"_blank\">ARBRE GENEALOGIQUE TORNADO DE BRIACE<\/a><br><a rel=\"noreferrer noopener\" href=\"http:\/\/www.elevage-de-briace.com\/wp-content\/uploads\/2020\/12\/FICHE-TORNADO-DE-BRIACE.pdf\" target=\"_blank\">FICHE TORNADO DE BRIACE<\/a><br><br><img loading=\"lazy\" width=\"2560\" height=\"1704\" class=\"wp-image-257\" style=\"width: 250px;\" src=\"http:\/\/www.elevage-de-briace.com\/wp-content\/uploads\/2022\/10\/JANUS-DE-BRIACE-3-scaled.jpg\" alt=\"\" srcset=\"https:\/\/www.elevage-de-briace.com\/wp-content\/uploads\/2022\/10\/JANUS-DE-BRIACE-3-scaled.jpg 2560w, https:\/\/www.elevage-de-briace.com\/wp-content\/uploads\/2022\/10\/JANUS-DE-BRIACE-3-300x200.jpg 300w, https:\/\/www.elevage-de-briace.com\/wp-content\/uploads\/2022\/10\/JANUS-DE-BRIACE-3-700x466.jpg 700w, https:\/\/www.elevage-de-briace.com\/wp-content\/uploads\/2022\/10\/JANUS-DE-BRIACE-3-768x511.jpg 768w, https:\/\/www.elevage-de-briace.com\/wp-content\/uploads\/2022\/10\/JANUS-DE-BRIACE-3-1536x1023.jpg 1536w, https:\/\/www.elevage-de-briace.com\/wp-content\/uploads\/2022\/10\/JANUS-DE-BRIACE-3-2048x1363.jpg 2048w, https:\/\/www.elevage-de-briace.com\/wp-content\/uploads\/2022\/10\/JANUS-DE-BRIACE-3-800x533.jpg 800w\" sizes=\"(max-width: 2560px) 100vw, 2560px\" \/><br><a href=\"http:\/\/www.elevage-de-briace.com\/wp-content\/uploads\/2022\/10\/ARBRE-GENEALOGIQUE-JANUS-DE-BRIACE.pdf\" data-type=\"URL\" data-id=\"http:\/\/www.elevage-de-briace.com\/wp-content\/uploads\/2022\/10\/ARBRE-GENEALOGIQUE-JANUS-DE-BRIACE.pdf\">ARBRE GENEALOGIQUE JANUS DE BRIACE<\/a><br><a href=\"http:\/\/www.elevage-de-briace.com\/wp-content\/uploads\/2022\/10\/FICHE-JANUS-DE-BRIACE.pdf\" data-type=\"URL\" data-id=\"http:\/\/www.elevage-de-briace.com\/wp-content\/uploads\/2022\/10\/FICHE-JANUS-DE-BRIACE.pdf\">FICHE JANUS DE BRIACE<\/a><\/p>\n\n\n\n<h2 class=\"has-text-align-center\">Les juments<\/h2>\n\n\n\n<p class=\"has-text-align-center\"><img loading=\"lazy\" width=\"2560\" height=\"1707\" class=\"wp-image-271\" style=\"width: 250px;\" src=\"http:\/\/www.elevage-de-briace.com\/wp-content\/uploads\/2022\/10\/VANILLE-DE-BRIACE-scaled.jpg\" alt=\"\" srcset=\"https:\/\/www.elevage-de-briace.com\/wp-content\/uploads\/2022\/10\/VANILLE-DE-BRIACE-scaled.jpg 2560w, https:\/\/www.elevage-de-briace.com\/wp-content\/uploads\/2022\/10\/VANILLE-DE-BRIACE-300x200.jpg 300w, https:\/\/www.elevage-de-briace.com\/wp-content\/uploads\/2022\/10\/VANILLE-DE-BRIACE-700x467.jpg 700w, https:\/\/www.elevage-de-briace.com\/wp-content\/uploads\/2022\/10\/VANILLE-DE-BRIACE-768x512.jpg 768w, https:\/\/www.elevage-de-briace.com\/wp-content\/uploads\/2022\/10\/VANILLE-DE-BRIACE-1536x1024.jpg 1536w, https:\/\/www.elevage-de-briace.com\/wp-content\/uploads\/2022\/10\/VANILLE-DE-BRIACE-2048x1365.jpg 2048w, https:\/\/www.elevage-de-briace.com\/wp-content\/uploads\/2022\/10\/VANILLE-DE-BRIACE-800x533.jpg 800w\" sizes=\"(max-width: 2560px) 100vw, 2560px\" \/><br><a href=\"http:\/\/www.elevage-de-briace.com\/wp-content\/uploads\/2022\/10\/ARBRE-VANILLE-DE-BRIACE.pdf\" data-type=\"URL\" data-id=\"http:\/\/www.elevage-de-briace.com\/wp-content\/uploads\/2022\/10\/ARBRE-VANILLE-DE-BRIACE.pdf\">ARBRE GENEALOGIQUE VANILLE DE BRIACE<\/a><br><a href=\"http:\/\/www.elevage-de-briace.com\/wp-content\/uploads\/2022\/10\/FICHE-VANILLE-DE-BRIACE.pdf\" data-type=\"URL\" data-id=\"http:\/\/www.elevage-de-briace.com\/wp-content\/uploads\/2022\/10\/FICHE-VANILLE-DE-BRIACE.pdf\">FICHE VANILLE DE BRIACE<\/a><\/p>\n\n\n\n<p class=\"has-text-align-center\"><img loading=\"lazy\" width=\"1080\" height=\"744\" class=\"wp-image-268\" style=\"width: 250px;\" src=\"http:\/\/www.elevage-de-briace.com\/wp-content\/uploads\/2022\/10\/DAPHNE-DE-BRIACE.jpg\" alt=\"\" srcset=\"https:\/\/www.elevage-de-briace.com\/wp-content\/uploads\/2022\/10\/DAPHNE-DE-BRIACE.jpg 1080w, https:\/\/www.elevage-de-briace.com\/wp-content\/uploads\/2022\/10\/DAPHNE-DE-BRIACE-300x207.jpg 300w, https:\/\/www.elevage-de-briace.com\/wp-content\/uploads\/2022\/10\/DAPHNE-DE-BRIACE-700x482.jpg 700w, https:\/\/www.elevage-de-briace.com\/wp-content\/uploads\/2022\/10\/DAPHNE-DE-BRIACE-768x529.jpg 768w, https:\/\/www.elevage-de-briace.com\/wp-content\/uploads\/2022\/10\/DAPHNE-DE-BRIACE-800x551.jpg 800w\" sizes=\"(max-width: 1080px) 100vw, 1080px\" \/><br><a href=\"http:\/\/www.elevage-de-briace.com\/wp-content\/uploads\/2022\/10\/ARBRE-DAPHNE-DE-BRIACE.pdf\" data-type=\"URL\" data-id=\"http:\/\/www.elevage-de-briace.com\/wp-content\/uploads\/2022\/10\/ARBRE-DAPHNE-DE-BRIACE.pdf\">ARBRE GENEALOGIQUE DAPHNE DE BRIACE<\/a><br><a href=\"http:\/\/www.elevage-de-briace.com\/wp-content\/uploads\/2022\/10\/FICHE-DAPHNE-DE-BRIACE.pdf\" data-type=\"URL\" data-id=\"http:\/\/www.elevage-de-briace.com\/wp-content\/uploads\/2022\/10\/FICHE-DAPHNE-DE-BRIACE.pdf\">FICHE DAPHNE DE BRIACE<\/a><\/p>\n\n\n\n<p class=\"has-text-align-center\"><img loading=\"lazy\" width=\"400\" height=\"266\" class=\"wp-image-239\" style=\"width: 250px;\" src=\"http:\/\/www.elevage-de-briace.com\/wp-content\/uploads\/2021\/12\/EMLAUGHMORE_THISTLE.jpg\" alt=\"\" srcset=\"https:\/\/www.elevage-de-briace.com\/wp-content\/uploads\/2021\/12\/EMLAUGHMORE_THISTLE.jpg 400w, https:\/\/www.elevage-de-briace.com\/wp-content\/uploads\/2021\/12\/EMLAUGHMORE_THISTLE-300x200.jpg 300w\" sizes=\"(max-width: 400px) 100vw, 400px\" \/><br><a rel=\"noreferrer noopener\" href=\"http:\/\/www.elevage-de-briace.com\/wp-content\/uploads\/2021\/12\/ARBRE-EMLAUGHMORE-THISTLE.pdf\" data-type=\"URL\" data-id=\"http:\/\/www.elevage-de-briace.com\/wp-content\/uploads\/2021\/12\/ARBRE-EMLAUGHMORE-THISTLE.pdf\" target=\"_blank\">ARBRE EMLAUGHMORE THISTLE<\/a><br><a rel=\"noreferrer noopener\" href=\"http:\/\/www.elevage-de-briace.com\/wp-content\/uploads\/2021\/12\/FICHE-EMLAUGHMORE-THISTLE.pdf\" data-type=\"URL\" data-id=\"http:\/\/www.elevage-de-briace.com\/wp-content\/uploads\/2021\/12\/FICHE-EMLAUGHMORE-THISTLE.pdf\" target=\"_blank\">FICHE EMLAUGHMORE THISTLE<\/a><\/p>\n\n\n\n<p class=\"has-text-align-center\"><img loading=\"lazy\" width=\"400\" height=\"332\" class=\"wp-image-242\" style=\"width: 250px;\" src=\"http:\/\/www.elevage-de-briace.com\/wp-content\/uploads\/2021\/12\/FLORIA_DE_BRIACE.png\" alt=\"\" srcset=\"https:\/\/www.elevage-de-briace.com\/wp-content\/uploads\/2021\/12\/FLORIA_DE_BRIACE.png 400w, https:\/\/www.elevage-de-briace.com\/wp-content\/uploads\/2021\/12\/FLORIA_DE_BRIACE-300x249.png 300w\" sizes=\"(max-width: 400px) 100vw, 400px\" \/><br><a rel=\"noreferrer noopener\" href=\"http:\/\/www.elevage-de-briace.com\/wp-content\/uploads\/2021\/12\/ARBRE-FLORIA-DE-BRIACE.pdf\" data-type=\"URL\" data-id=\"http:\/\/www.elevage-de-briace.com\/wp-content\/uploads\/2021\/12\/ARBRE-FLORIA-DE-BRIACE.pdf\" target=\"_blank\">ARBRE FLORIA DE BRIACE<\/a><br><a rel=\"noreferrer noopener\" href=\"http:\/\/www.elevage-de-briace.com\/wp-content\/uploads\/2021\/12\/FICHE-FLORIA-DE-BRIACE.pdf\" data-type=\"URL\" data-id=\"http:\/\/www.elevage-de-briace.com\/wp-content\/uploads\/2021\/12\/FICHE-FLORIA-DE-BRIACE.pdf\" target=\"_blank\">FICHE FLORIA DE BRIACE<\/a><\/p>\n\n\n\n<p class=\"has-text-align-center\"><img loading=\"lazy\" width=\"2560\" height=\"1704\" class=\"wp-image-269\" style=\"width: 250px;\" src=\"http:\/\/www.elevage-de-briace.com\/wp-content\/uploads\/2022\/10\/DARBEY-LADY-scaled.jpg\" alt=\"\" srcset=\"https:\/\/www.elevage-de-briace.com\/wp-content\/uploads\/2022\/10\/DARBEY-LADY-scaled.jpg 2560w, https:\/\/www.elevage-de-briace.com\/wp-content\/uploads\/2022\/10\/DARBEY-LADY-300x200.jpg 300w, https:\/\/www.elevage-de-briace.com\/wp-content\/uploads\/2022\/10\/DARBEY-LADY-700x466.jpg 700w, https:\/\/www.elevage-de-briace.com\/wp-content\/uploads\/2022\/10\/DARBEY-LADY-768x511.jpg 768w, https:\/\/www.elevage-de-briace.com\/wp-content\/uploads\/2022\/10\/DARBEY-LADY-1536x1023.jpg 1536w, https:\/\/www.elevage-de-briace.com\/wp-content\/uploads\/2022\/10\/DARBEY-LADY-2048x1363.jpg 2048w, https:\/\/www.elevage-de-briace.com\/wp-content\/uploads\/2022\/10\/DARBEY-LADY-800x533.jpg 800w\" sizes=\"(max-width: 2560px) 100vw, 2560px\" \/><br><a href=\"http:\/\/www.elevage-de-briace.com\/wp-content\/uploads\/2022\/10\/ARBRE-DARBEY-LADY.pdf\" data-type=\"URL\" data-id=\"http:\/\/www.elevage-de-briace.com\/wp-content\/uploads\/2022\/10\/ARBRE-DARBEY-LADY.pdf\">ARBRE DARBEY LADY<\/a><br><br><img loading=\"lazy\" width=\"2560\" height=\"1704\" class=\"wp-image-270\" style=\"width: 250px;\" src=\"http:\/\/www.elevage-de-briace.com\/wp-content\/uploads\/2022\/10\/KALINE-DU-MOULIN-DEAU-scaled.jpg\" alt=\"\" srcset=\"https:\/\/www.elevage-de-briace.com\/wp-content\/uploads\/2022\/10\/KALINE-DU-MOULIN-DEAU-scaled.jpg 2560w, https:\/\/www.elevage-de-briace.com\/wp-content\/uploads\/2022\/10\/KALINE-DU-MOULIN-DEAU-300x200.jpg 300w, https:\/\/www.elevage-de-briace.com\/wp-content\/uploads\/2022\/10\/KALINE-DU-MOULIN-DEAU-700x466.jpg 700w, https:\/\/www.elevage-de-briace.com\/wp-content\/uploads\/2022\/10\/KALINE-DU-MOULIN-DEAU-768x511.jpg 768w, https:\/\/www.elevage-de-briace.com\/wp-content\/uploads\/2022\/10\/KALINE-DU-MOULIN-DEAU-1536x1023.jpg 1536w, https:\/\/www.elevage-de-briace.com\/wp-content\/uploads\/2022\/10\/KALINE-DU-MOULIN-DEAU-2048x1363.jpg 2048w, https:\/\/www.elevage-de-briace.com\/wp-content\/uploads\/2022\/10\/KALINE-DU-MOULIN-DEAU-800x533.jpg 800w\" sizes=\"(max-width: 2560px) 100vw, 2560px\" \/><br><a href=\"http:\/\/www.elevage-de-briace.com\/wp-content\/uploads\/2022\/10\/ARBRE-KALINE-DU-MOULIN-DEAU.pdf\" data-type=\"URL\" data-id=\"http:\/\/www.elevage-de-briace.com\/wp-content\/uploads\/2022\/10\/ARBRE-KALINE-DU-MOULIN-DEAU.pdf\">ARBRE GENEALOGIQUE KALINE DU MOULIN D&#8217;EAU<\/a><br><a href=\"http:\/\/www.elevage-de-briace.com\/wp-content\/uploads\/2022\/10\/FICHE-KALINE-DU-MOULIN-DEAU.pdf\" data-type=\"URL\" data-id=\"http:\/\/www.elevage-de-briace.com\/wp-content\/uploads\/2022\/10\/FICHE-KALINE-DU-MOULIN-DEAU.pdf\">FICHE KALINE DU MOULIN D&#8217;EAU<\/a><\/p>\n\n\n\n<p class=\"has-drop-cap\">Nous sommes heureux de vous accueillir au c\u0153ur de notre \u00e9levage. La s\u00e9lection rigoureuse de nos souches maternelles et le choix des \u00e9talons que nous utilisons sont fait sur des crit\u00e8res d\u00e9terminant : un caract\u00e8re facile et pratique permettant une utilisation en loisir et en sport par des enfants, le Sang, le Mod\u00e8le et la rusticit\u00e9.<\/p>\n\n\n\n<p>NOS POULINI\u00c8RES<br>Elles ont toutes \u00e9t\u00e9 mont\u00e9es. Nous connaissons leurs qualit\u00e9s, mais se sont avant tout de bonnes m\u00e8res qui poulinent seules dans les p\u00e2turages.<\/p>\n\n\n\n<p>LES ETALONS UTILISES<br>Nous avons un \u00e9talon \u00ab maison \u00bb TORNADO de Briac\u00e9, qui a fait ces preuves en CSO.<br>Nous utilisons aussi d\u2019autres \u00e9talons, mais toujours en monte naturelle.<\/p>\n","protected":false},"excerpt":{"rendered":"<p>You are welcome to heart of our breeding farm. The rigorous selection of our mares and the choice of the stallions that we use are made on determining criteria: an easy and good temperament allowing a use leisure and sport by children, Blood, Model and hardiness. OUR MARESThey have all been ridden. We know their&#8230;<\/p>\n","protected":false},"author":1,"featured_media":30,"parent":69,"menu_order":0,"comment_status":"closed","ping_status":"closed","template":"fullwidth.php","meta":[],"_links":{"self":[{"href":"https:\/\/www.elevage-de-briace.com\/index.php?rest_route=\/wp\/v2\/pages\/49"}],"collection":[{"href":"https:\/\/www.elevage-de-briace.com\/index.php?rest_route=\/wp\/v2\/pages"}],"about":[{"href":"https:\/\/www.elevage-de-briace.com\/index.php?rest_route=\/wp\/v2\/types\/page"}],"author":[{"embeddable":true,"href":"https:\/\/www.elevage-de-briace.com\/index.php?rest_route=\/wp\/v2\/users\/1"}],"replies":[{"embeddable":true,"href":"https:\/\/www.elevage-de-briace.com\/index.php?rest_route=%2Fwp%2Fv2%2Fcomments&post=49"}],"version-history":[{"count":55,"href":"https:\/\/www.elevage-de-briace.com\/index.php?rest_route=\/wp\/v2\/pages\/49\/revisions"}],"predecessor-version":[{"id":302,"href":"https:\/\/www.elevage-de-briace.com\/index.php?rest_route=\/wp\/v2\/pages\/49\/revisions\/302"}],"up":[{"embeddable":true,"href":"https:\/\/www.elevage-de-briace.com\/index.php?rest_route=\/wp\/v2\/pages\/69"}],"wp:featuredmedia":[{"embeddable":true,"href":"https:\/\/www.elevage-de-briace.com\/index.php?rest_route=\/wp\/v2\/media\/30"}],"wp:attachment":[{"href":"https:\/\/www.elevage-de-briace.com\/index.php?rest_route=%2Fwp%2Fv2%2Fmedia&parent=49"}],"curies":[{"name":"wp","href":"https:\/\/api.w.org\/{rel}","templated":true}]}}